{"id":1085,"date":"2022-05-28T22:51:19","date_gmt":"2022-05-29T02:51:19","guid":{"rendered":"https:\/\/www.acupedia.ca\/acupedia\/?page_id=1085"},"modified":"2022-05-28T23:03:34","modified_gmt":"2022-05-29T03:03:34","slug":"points-interdits-avant-37-sa","status":"publish","type":"page","link":"https:\/\/www.acupedia.ca\/acupedia\/points-interdits-avant-37-sa\/","title":{"rendered":"Points interdits avant 37 SA"},"content":{"rendered":"<div id=\"pl-1085\"  class=\"panel-layout\" ><div id=\"pg-1085-0\"  class=\"panel-grid panel-no-style\" ><div id=\"pgc-1085-0-0\"  class=\"panel-grid-cell\" ><div id=\"panel-1085-0-0-0\" class=\"so-panel widget widget_sow-editor panel-first-child panel-last-child\" data-index=\"0\" ><div\n\t\t\t\n\t\t\tclass=\"so-widget-sow-editor so-widget-sow-editor-base\"\n\t\t\t\n\t\t>\n<div class=\"siteorigin-widget-tinymce textwidget\">\n\t<h2>S\u00e9curit\u00e9 des traitements chez les femmes enceintes:<\/h2>\n<h2>\n\u2022 Il y a 15 \u00e0 40% de fausses couches dans les premiers mois de la grossesse<br \/>\n\u2022 Le traitement d\u2019acuponcture bien appliqu\u00e9 ne provoque pas de fausse couche<br \/>\n\u2022 \u00c9vitez les points ou les associations de points contre-indiqu\u00e9s.<br \/>\n\u2022 Utilisez avec pr\u00e9caution les diff\u00e9rentes techniques d'aiguilles.<br \/>\n\u2022 Avoir une bonne connaissance anatomique<\/h2>\n<h2>\nNotion de points interdits:<\/h2>\n<h2>\nLes opinions divergent sur les points qui doivent \u00e9ventuellement \u00eatre consid\u00e9r\u00e9s comme dangereux\u00a0pendant la grossesse. L\u2019utilisation des points qui suivent est indiqu\u00e9e en cas de travail difficile ou\u00a0retard\u00e9, d\u2019apr\u00e8s Debra Betts, il faut donc les utiliser avec la plus grande prudence lorsqu\u2019on les pique<br \/>\npour toute autre raison pendant la grossesse.<\/h2>\n<p>&nbsp;<\/p>\n<h1>Points interdits:<\/h1>\n<h3>21 VB JianJing<br \/>\n4 GI He gu<br \/>\n6RT San yin Jiao jamais en dispersion<br \/>\n60V Kun lun<br \/>\n67V Zhiyin<\/h3>\n<h3>Les points au niveau de l\u2019abdomen inf\u00e9rieur et de<br \/>\nla r\u00e9gion sacr\u00e9e surtout 31 et 32 V effet puissant<br \/>\nsur le d\u00e9clenchement de la grossesse<br \/>\nC'est \u00e9galement le cas du Duyin (face plantaire du 2e\u00a0orteil au centre de l\u2019art. Inter phalangienne distale).<\/h3>\n<h2>Combinaisons \u00e0 \u00e9viter:<\/h2>\n<h3>4GI et 6 RT<\/h3>\n<h3>3F et 6RT<\/h3>\n<h3>60V et 6 RT<\/h3>\n<\/div>\n<\/div><\/div><\/div><\/div><\/div>","protected":false},"excerpt":{"rendered":"<p>S\u00e9curit\u00e9 des traitements chez les femmes enceintes: \u2022 Il y a 15 \u00e0 40% de fausses couches dans les premiers mois de la grossesse \u2022 Le traitement d\u2019acuponcture bien appliqu\u00e9 ne provoque pas de fausse couche \u2022 \u00c9vitez les points ou les associations de points contre-indiqu\u00e9s. \u2022 Utilisez avec pr\u00e9caution les diff\u00e9rentes techniques d&#8217;aiguilles. \u2022 [&hellip;]<\/p>\n","protected":false},"author":1,"featured_media":0,"parent":0,"menu_order":0,"comment_status":"closed","ping_status":"closed","template":"","meta":{"pmpro_default_level":0,"footnotes":""},"class_list":["post-1085","page","type-page","status-publish","hentry","pmpro-has-access"],"_links":{"self":[{"href":"https:\/\/www.acupedia.ca\/acupedia\/wp-json\/wp\/v2\/pages\/1085","targetHints":{"allow":["GET"]}}],"collection":[{"href":"https:\/\/www.acupedia.ca\/acupedia\/wp-json\/wp\/v2\/pages"}],"about":[{"href":"https:\/\/www.acupedia.ca\/acupedia\/wp-json\/wp\/v2\/types\/page"}],"author":[{"embeddable":true,"href":"https:\/\/www.acupedia.ca\/acupedia\/wp-json\/wp\/v2\/users\/1"}],"replies":[{"embeddable":true,"href":"https:\/\/www.acupedia.ca\/acupedia\/wp-json\/wp\/v2\/comments?post=1085"}],"version-history":[{"count":4,"href":"https:\/\/www.acupedia.ca\/acupedia\/wp-json\/wp\/v2\/pages\/1085\/revisions"}],"predecessor-version":[{"id":1091,"href":"https:\/\/www.acupedia.ca\/acupedia\/wp-json\/wp\/v2\/pages\/1085\/revisions\/1091"}],"wp:attachment":[{"href":"https:\/\/www.acupedia.ca\/acupedia\/wp-json\/wp\/v2\/media?parent=1085"}],"curies":[{"name":"wp","href":"https:\/\/api.w.org\/{rel}","templated":true}]}}