{"id":11,"date":"2022-04-04T21:10:17","date_gmt":"2022-04-05T01:10:17","guid":{"rendered":"http:\/\/www.acupedia.ca\/acupedia\/?page_id=11"},"modified":"2024-04-12T16:37:34","modified_gmt":"2024-04-12T20:37:34","slug":"home","status":"publish","type":"page","link":"https:\/\/www.acupedia.ca\/acupedia\/home\/","title":{"rendered":"Accueil"},"content":{"rendered":"<div id=\"pl-11\"  class=\"panel-layout\" ><div id=\"pg-11-0\"  class=\"panel-grid panel-no-style\" ><div id=\"pgc-11-0-0\"  class=\"panel-grid-cell\" ><div id=\"panel-11-0-0-0\" class=\"so-panel widget widget_sow-editor panel-first-child panel-last-child\" data-index=\"0\" ><div\n\t\t\t\n\t\t\tclass=\"so-widget-sow-editor so-widget-sow-editor-base\"\n\t\t\t\n\t\t>\n<div class=\"siteorigin-widget-tinymce textwidget\">\n\t<p><!-- wp:paragraph {\"fontSize\":\"large\"} --><\/p>\n<p class=\"has-large-font-size\" style=\"text-align: center;\">Acup\u00e9dia: l\u2019encyclop\u00e9die des acupuncteurs<\/p>\n<p><!-- \/wp:paragraph --><\/p>\n<p><!-- wp:pullquote --><\/p>\n<figure class=\"wp-block-pullquote\">\n<blockquote>\n<p><em>Bienvenu au premier site qui offre un soutient aux \u00e9l\u00e8ves en formation d'acupuncture et m\u00e9decine traditionnelle chinoise ainsi qu\u2019\u00e0 tout acupuncteur ou praticien en m\u00e9decine traditionnelle chinoise qui d\u00e9bute sa carri\u00e8re professionnelle<\/em>. <em>Vous trouverez un soutient acad\u00e9mique sur les pratiques s\u00e9curitaires de l\u2019acupuncture ainsi quelques protocoles sur certaines pathologies. cette plateforme ne vise aucunement \u00e0 apprendre la m\u00e9decine chinoise de fa\u00e7on autodidacte. L\u2019inscription \u00e0 une \u00e9cole de m\u00e9decine traditionnelle chinoise s\u2019av\u00e8re indispensable.<\/em><\/p>\n<\/blockquote>\n<p>&nbsp;<\/p>\n<\/figure>\n<p><!-- \/wp:pullquote --><\/p>\n<\/div>\n<\/div><\/div><\/div><\/div><div id=\"pg-11-1\"  class=\"panel-grid panel-no-style\" ><div id=\"pgc-11-1-0\"  class=\"panel-grid-cell\" ><div id=\"panel-11-1-0-0\" class=\"so-panel widget widget_sow-image panel-first-child panel-last-child\" data-index=\"1\" ><div\n\t\t\t\n\t\t\tclass=\"so-widget-sow-image so-widget-sow-image-default-8b5b6f678277-11\"\n\t\t\t data-overlay-enabled=\"1\" data-overlay-settings=\"{&quot;enabled_for_widgets&quot;:[&quot;sow-image&quot;,&quot;sow-image-grid&quot;,&quot;sow-simple-masonry&quot;],&quot;theme&quot;:&quot;default&quot;,&quot;show_delay&quot;:300,&quot;overlay_color&quot;:&quot;#000000&quot;,&quot;overlay_opacity&quot;:0.8,&quot;overlay_position&quot;:&quot;bottom&quot;,&quot;overlay_size&quot;:0.3,&quot;desktop_show_trigger&quot;:&quot;hover&quot;,&quot;touch_show_trigger&quot;:&quot;touch&quot;,&quot;responsive_breakpoint&quot;:&quot;1024px&quot;,&quot;responsive_breakpoint_unit&quot;:&quot;px&quot;,&quot;overlay_animation&quot;:&quot;fade&quot;,&quot;font_family&quot;:&quot;default&quot;,&quot;text_size&quot;:&quot;15px&quot;,&quot;text_size_unit&quot;:&quot;px&quot;,&quot;text_color&quot;:&quot;#fff&quot;,&quot;text_padding&quot;:&quot;22px 22px 22px 22px&quot;,&quot;text_position&quot;:&quot;middle&quot;,&quot;text_align&quot;:&quot;left&quot;,&quot;text_animation&quot;:&quot;&quot;,&quot;overlay_animation_onscreen&quot;:&quot;&quot;,&quot;font&quot;:{&quot;family&quot;:&quot;default&quot;}}\"\n\t\t>\n<div class=\"sow-image-container\">\n\t\t\t<a href=\"https:\/\/www.acupedia.ca\/acupedia\/2022\/05\/29\/1114\/\"\n\t\t\t\t\t>\n\t\t\t<img loading=\"lazy\" decoding=\"async\" src=\"https:\/\/www.acupedia.ca\/acupedia\/wp-content\/uploads\/2022\/05\/15CB4B2D-B171-4A86-807B-FD6DB505BE86-768x669.jpeg\" width=\"768\" height=\"669\" srcset=\"https:\/\/www.acupedia.ca\/acupedia\/wp-content\/uploads\/2022\/05\/15CB4B2D-B171-4A86-807B-FD6DB505BE86-768x669.jpeg 768w, https:\/\/www.acupedia.ca\/acupedia\/wp-content\/uploads\/2022\/05\/15CB4B2D-B171-4A86-807B-FD6DB505BE86-300x261.jpeg 300w, https:\/\/www.acupedia.ca\/acupedia\/wp-content\/uploads\/2022\/05\/15CB4B2D-B171-4A86-807B-FD6DB505BE86.jpeg 893w\" sizes=\"auto, (max-width: 768px) 100vw, 768px\" title=\"Outils accessoires \u00e0 l\u2019acupuncture\" alt=\"D\u00e9couvrez comment outiliser d\u2019autres outils untilis\u00e9s en m\u00e9decine traditionnelle chinoise. \" \t\tclass=\"so-widget-image\"\/>\n\t<\/a><\/div>\n\n<h3 class=\"widget-title\">Outils accessoires \u00e0 l\u2019acupuncture<\/h3><\/div><\/div><\/div><div id=\"pgc-11-1-1\"  class=\"panel-grid-cell\" ><div id=\"panel-11-1-1-0\" class=\"so-panel widget widget_sow-image panel-first-child panel-last-child\" data-index=\"2\" ><div\n\t\t\t\n\t\t\tclass=\"so-widget-sow-image so-widget-sow-image-default-8b5b6f678277-11\"\n\t\t\t data-overlay-enabled=\"1\" data-overlay-settings=\"{&quot;enabled_for_widgets&quot;:[&quot;sow-image&quot;,&quot;sow-image-grid&quot;,&quot;sow-simple-masonry&quot;],&quot;theme&quot;:&quot;default&quot;,&quot;show_delay&quot;:300,&quot;overlay_color&quot;:&quot;#000000&quot;,&quot;overlay_opacity&quot;:0.8,&quot;overlay_position&quot;:&quot;bottom&quot;,&quot;overlay_size&quot;:0.3,&quot;desktop_show_trigger&quot;:&quot;hover&quot;,&quot;touch_show_trigger&quot;:&quot;touch&quot;,&quot;responsive_breakpoint&quot;:&quot;1024px&quot;,&quot;responsive_breakpoint_unit&quot;:&quot;px&quot;,&quot;overlay_animation&quot;:&quot;fade&quot;,&quot;font_family&quot;:&quot;default&quot;,&quot;text_size&quot;:&quot;15px&quot;,&quot;text_size_unit&quot;:&quot;px&quot;,&quot;text_color&quot;:&quot;#fff&quot;,&quot;text_padding&quot;:&quot;22px 22px 22px 22px&quot;,&quot;text_position&quot;:&quot;middle&quot;,&quot;text_align&quot;:&quot;left&quot;,&quot;text_animation&quot;:&quot;&quot;,&quot;overlay_animation_onscreen&quot;:&quot;&quot;,&quot;font&quot;:{&quot;family&quot;:&quot;default&quot;}}\"\n\t\t>\n<div class=\"sow-image-container\">\n\t\t<img loading=\"lazy\" decoding=\"async\" src=\"https:\/\/www.acupedia.ca\/acupedia\/wp-content\/uploads\/2022\/04\/cropped-88DE8F3C-97DB-4A17-B8E8-3C05E6BB1448-300x300.webp\" width=\"300\" height=\"300\" srcset=\"https:\/\/www.acupedia.ca\/acupedia\/wp-content\/uploads\/2022\/04\/cropped-88DE8F3C-97DB-4A17-B8E8-3C05E6BB1448-300x300.webp 300w, https:\/\/www.acupedia.ca\/acupedia\/wp-content\/uploads\/2022\/04\/cropped-88DE8F3C-97DB-4A17-B8E8-3C05E6BB1448-150x150.webp 150w, https:\/\/www.acupedia.ca\/acupedia\/wp-content\/uploads\/2022\/04\/cropped-88DE8F3C-97DB-4A17-B8E8-3C05E6BB1448-270x270.webp 270w, https:\/\/www.acupedia.ca\/acupedia\/wp-content\/uploads\/2022\/04\/cropped-88DE8F3C-97DB-4A17-B8E8-3C05E6BB1448-192x192.webp 192w, https:\/\/www.acupedia.ca\/acupedia\/wp-content\/uploads\/2022\/04\/cropped-88DE8F3C-97DB-4A17-B8E8-3C05E6BB1448-180x180.webp 180w, https:\/\/www.acupedia.ca\/acupedia\/wp-content\/uploads\/2022\/04\/cropped-88DE8F3C-97DB-4A17-B8E8-3C05E6BB1448-32x32.webp 32w, https:\/\/www.acupedia.ca\/acupedia\/wp-content\/uploads\/2022\/04\/cropped-88DE8F3C-97DB-4A17-B8E8-3C05E6BB1448.webp 512w\" sizes=\"auto, (max-width: 300px) 100vw, 300px\" title=\"Liste des pathologies \" alt=\"\" \t\tclass=\"so-widget-image\"\/>\n\t<\/div>\n\n<h3 class=\"widget-title\">Liste des pathologies <\/h3><\/div><\/div><\/div><div id=\"pgc-11-1-2\"  class=\"panel-grid-cell\" ><div id=\"panel-11-1-2-0\" class=\"so-panel widget widget_sow-image panel-first-child panel-last-child\" data-index=\"3\" ><div\n\t\t\t\n\t\t\tclass=\"so-widget-sow-image so-widget-sow-image-default-8b5b6f678277-11\"\n\t\t\t data-overlay-enabled=\"1\" data-overlay-settings=\"{&quot;enabled_for_widgets&quot;:[&quot;sow-image&quot;,&quot;sow-image-grid&quot;,&quot;sow-simple-masonry&quot;],&quot;theme&quot;:&quot;default&quot;,&quot;show_delay&quot;:300,&quot;overlay_color&quot;:&quot;#000000&quot;,&quot;overlay_opacity&quot;:0.8,&quot;overlay_position&quot;:&quot;bottom&quot;,&quot;overlay_size&quot;:0.3,&quot;desktop_show_trigger&quot;:&quot;hover&quot;,&quot;touch_show_trigger&quot;:&quot;touch&quot;,&quot;responsive_breakpoint&quot;:&quot;1024px&quot;,&quot;responsive_breakpoint_unit&quot;:&quot;px&quot;,&quot;overlay_animation&quot;:&quot;fade&quot;,&quot;font_family&quot;:&quot;default&quot;,&quot;text_size&quot;:&quot;15px&quot;,&quot;text_size_unit&quot;:&quot;px&quot;,&quot;text_color&quot;:&quot;#fff&quot;,&quot;text_padding&quot;:&quot;22px 22px 22px 22px&quot;,&quot;text_position&quot;:&quot;middle&quot;,&quot;text_align&quot;:&quot;left&quot;,&quot;text_animation&quot;:&quot;&quot;,&quot;overlay_animation_onscreen&quot;:&quot;&quot;,&quot;font&quot;:{&quot;family&quot;:&quot;default&quot;}}\"\n\t\t>\n<div class=\"sow-image-container\">\n\t\t\t<a href=\"https:\/\/www.acupedia.ca\/acupedia\/2022\/04\/06\/points-dacupuncture-2\/\"\n\t\t\t\t\t>\n\t\t\t<img loading=\"lazy\" decoding=\"async\" src=\"https:\/\/www.acupedia.ca\/acupedia\/wp-content\/uploads\/2022\/05\/40F23A81-711F-4DD0-A432-0DF932680121-768x768.jpeg\" width=\"768\" height=\"768\" srcset=\"https:\/\/www.acupedia.ca\/acupedia\/wp-content\/uploads\/2022\/05\/40F23A81-711F-4DD0-A432-0DF932680121-768x768.jpeg 768w, https:\/\/www.acupedia.ca\/acupedia\/wp-content\/uploads\/2022\/05\/40F23A81-711F-4DD0-A432-0DF932680121-300x300.jpeg 300w, https:\/\/www.acupedia.ca\/acupedia\/wp-content\/uploads\/2022\/05\/40F23A81-711F-4DD0-A432-0DF932680121-1024x1024.jpeg 1024w, https:\/\/www.acupedia.ca\/acupedia\/wp-content\/uploads\/2022\/05\/40F23A81-711F-4DD0-A432-0DF932680121-150x150.jpeg 150w, https:\/\/www.acupedia.ca\/acupedia\/wp-content\/uploads\/2022\/05\/40F23A81-711F-4DD0-A432-0DF932680121-1536x1536.jpeg 1536w, https:\/\/www.acupedia.ca\/acupedia\/wp-content\/uploads\/2022\/05\/40F23A81-711F-4DD0-A432-0DF932680121.jpeg 1956w\" sizes=\"auto, (max-width: 768px) 100vw, 768px\" title=\"Points d\u2019acupuncture\" alt=\"https:\/\/www.acupedia.ca\/acupedia\/2022\/04\/06\/points-dacupuncture-2\/\" \t\tclass=\"so-widget-image\"\/>\n\t<\/a><\/div>\n\n<h3 class=\"widget-title\">Points d\u2019acupuncture<\/h3><\/div><\/div><\/div><\/div><div id=\"pg-11-2\"  class=\"panel-grid panel-has-style\" ><div class=\"wide-grey panel-row-style panel-row-style-for-11-2\" ><div id=\"pgc-11-2-0\"  class=\"panel-grid-cell\" ><div id=\"panel-11-2-0-0\" class=\"so-panel widget panel-first-child panel-last-child\" data-index=\"4\" ><\/div><\/div><\/div><\/div><div id=\"pg-11-3\"  class=\"panel-grid panel-no-style\" ><div id=\"pgc-11-3-0\"  class=\"panel-grid-cell\" ><div id=\"panel-11-3-0-0\" class=\"so-panel widget widget_sow-image panel-first-child panel-last-child\" data-index=\"5\" ><div\n\t\t\t\n\t\t\tclass=\"so-widget-sow-image so-widget-sow-image-default-8b5b6f678277-11\"\n\t\t\t data-overlay-enabled=\"1\" data-overlay-settings=\"{&quot;enabled_for_widgets&quot;:[&quot;sow-image&quot;,&quot;sow-image-grid&quot;,&quot;sow-simple-masonry&quot;],&quot;theme&quot;:&quot;default&quot;,&quot;show_delay&quot;:300,&quot;overlay_color&quot;:&quot;#000000&quot;,&quot;overlay_opacity&quot;:0.8,&quot;overlay_position&quot;:&quot;bottom&quot;,&quot;overlay_size&quot;:0.3,&quot;desktop_show_trigger&quot;:&quot;hover&quot;,&quot;touch_show_trigger&quot;:&quot;touch&quot;,&quot;responsive_breakpoint&quot;:&quot;1024px&quot;,&quot;responsive_breakpoint_unit&quot;:&quot;px&quot;,&quot;overlay_animation&quot;:&quot;fade&quot;,&quot;font_family&quot;:&quot;default&quot;,&quot;text_size&quot;:&quot;15px&quot;,&quot;text_size_unit&quot;:&quot;px&quot;,&quot;text_color&quot;:&quot;#fff&quot;,&quot;text_padding&quot;:&quot;22px 22px 22px 22px&quot;,&quot;text_position&quot;:&quot;middle&quot;,&quot;text_align&quot;:&quot;left&quot;,&quot;text_animation&quot;:&quot;&quot;,&quot;overlay_animation_onscreen&quot;:&quot;&quot;,&quot;font&quot;:{&quot;family&quot;:&quot;default&quot;}}\"\n\t\t><h3 class=\"widget-title\">Mal des aiguilles en acupuncture<\/h3>\n<div class=\"sow-image-container\">\n\t\t\t<a href=\"https:\/\/www.acupedia.ca\/acupedia\/2022\/05\/24\/mal-des-aiguilles-en-acupuncture\/\"\n\t\t\t\t\t>\n\t\t\t<img loading=\"lazy\" decoding=\"async\" src=\"https:\/\/www.acupedia.ca\/acupedia\/wp-content\/uploads\/2022\/05\/944D120E-6498-4C9C-8920-FCE54F3ECF31-768x492.jpeg\" width=\"768\" height=\"492\" srcset=\"https:\/\/www.acupedia.ca\/acupedia\/wp-content\/uploads\/2022\/05\/944D120E-6498-4C9C-8920-FCE54F3ECF31-768x492.jpeg 768w, https:\/\/www.acupedia.ca\/acupedia\/wp-content\/uploads\/2022\/05\/944D120E-6498-4C9C-8920-FCE54F3ECF31-300x192.jpeg 300w, https:\/\/www.acupedia.ca\/acupedia\/wp-content\/uploads\/2022\/05\/944D120E-6498-4C9C-8920-FCE54F3ECF31-1024x657.jpeg 1024w, https:\/\/www.acupedia.ca\/acupedia\/wp-content\/uploads\/2022\/05\/944D120E-6498-4C9C-8920-FCE54F3ECF31-1536x985.jpeg 1536w, https:\/\/www.acupedia.ca\/acupedia\/wp-content\/uploads\/2022\/05\/944D120E-6498-4C9C-8920-FCE54F3ECF31-2048x1313.jpeg 2048w\" sizes=\"auto, (max-width: 768px) 100vw, 768px\" title=\"Mal des aiguilles en acupuncture\" alt=\"Le mal des aiguilles \" \t\tclass=\"so-widget-image\"\/>\n\t<\/a><\/div>\n\n<\/div><\/div><\/div><div id=\"pgc-11-3-1\"  class=\"panel-grid-cell\" ><div id=\"panel-11-3-1-0\" class=\"so-panel widget widget_sow-image panel-first-child panel-last-child\" data-index=\"6\" ><div\n\t\t\t\n\t\t\tclass=\"so-widget-sow-image so-widget-sow-image-default-8b5b6f678277-11\"\n\t\t\t data-overlay-enabled=\"1\" data-overlay-settings=\"{&quot;enabled_for_widgets&quot;:[&quot;sow-image&quot;,&quot;sow-image-grid&quot;,&quot;sow-simple-masonry&quot;],&quot;theme&quot;:&quot;default&quot;,&quot;show_delay&quot;:300,&quot;overlay_color&quot;:&quot;#000000&quot;,&quot;overlay_opacity&quot;:0.8,&quot;overlay_position&quot;:&quot;bottom&quot;,&quot;overlay_size&quot;:0.3,&quot;desktop_show_trigger&quot;:&quot;hover&quot;,&quot;touch_show_trigger&quot;:&quot;touch&quot;,&quot;responsive_breakpoint&quot;:&quot;1024px&quot;,&quot;responsive_breakpoint_unit&quot;:&quot;px&quot;,&quot;overlay_animation&quot;:&quot;fade&quot;,&quot;font_family&quot;:&quot;default&quot;,&quot;text_size&quot;:&quot;15px&quot;,&quot;text_size_unit&quot;:&quot;px&quot;,&quot;text_color&quot;:&quot;#fff&quot;,&quot;text_padding&quot;:&quot;22px 22px 22px 22px&quot;,&quot;text_position&quot;:&quot;middle&quot;,&quot;text_align&quot;:&quot;left&quot;,&quot;text_animation&quot;:&quot;&quot;,&quot;overlay_animation_onscreen&quot;:&quot;&quot;,&quot;font&quot;:{&quot;family&quot;:&quot;default&quot;}}\"\n\t\t><h3 class=\"widget-title\">Dangers de poncture et moxibustion<\/h3>\n<div class=\"sow-image-container\">\n\t\t\t<a href=\"https:\/\/www.acupedia.ca\/acupedia\/2022\/05\/28\/dangers-de-poncture-et-de-moxibustion\/\"\n\t\t\t\t\t>\n\t\t\t<img loading=\"lazy\" decoding=\"async\" src=\"https:\/\/www.acupedia.ca\/acupedia\/wp-content\/uploads\/2022\/05\/3174926F-8572-4545-910B-68323A85ACFD-768x589.jpeg\" width=\"768\" height=\"589\" srcset=\"https:\/\/www.acupedia.ca\/acupedia\/wp-content\/uploads\/2022\/05\/3174926F-8572-4545-910B-68323A85ACFD-768x589.jpeg 768w, https:\/\/www.acupedia.ca\/acupedia\/wp-content\/uploads\/2022\/05\/3174926F-8572-4545-910B-68323A85ACFD-300x230.jpeg 300w, https:\/\/www.acupedia.ca\/acupedia\/wp-content\/uploads\/2022\/05\/3174926F-8572-4545-910B-68323A85ACFD-1024x786.jpeg 1024w, https:\/\/www.acupedia.ca\/acupedia\/wp-content\/uploads\/2022\/05\/3174926F-8572-4545-910B-68323A85ACFD-1536x1178.jpeg 1536w, https:\/\/www.acupedia.ca\/acupedia\/wp-content\/uploads\/2022\/05\/3174926F-8572-4545-910B-68323A85ACFD.jpeg 1945w\" sizes=\"auto, (max-width: 768px) 100vw, 768px\" title=\"Dangers de poncture et moxibustion\" alt=\"\" \t\tclass=\"so-widget-image\"\/>\n\t<\/a><\/div>\n\n<\/div><\/div><\/div><div id=\"pgc-11-3-2\"  class=\"panel-grid-cell\" ><div id=\"panel-11-3-2-0\" class=\"so-panel widget widget_sow-image panel-first-child panel-last-child\" data-index=\"7\" ><div\n\t\t\t\n\t\t\tclass=\"so-widget-sow-image so-widget-sow-image-default-8b5b6f678277-11\"\n\t\t\t data-overlay-enabled=\"1\" data-overlay-settings=\"{&quot;enabled_for_widgets&quot;:[&quot;sow-image&quot;,&quot;sow-image-grid&quot;,&quot;sow-simple-masonry&quot;],&quot;theme&quot;:&quot;default&quot;,&quot;show_delay&quot;:300,&quot;overlay_color&quot;:&quot;#000000&quot;,&quot;overlay_opacity&quot;:0.8,&quot;overlay_position&quot;:&quot;bottom&quot;,&quot;overlay_size&quot;:0.3,&quot;desktop_show_trigger&quot;:&quot;hover&quot;,&quot;touch_show_trigger&quot;:&quot;touch&quot;,&quot;responsive_breakpoint&quot;:&quot;1024px&quot;,&quot;responsive_breakpoint_unit&quot;:&quot;px&quot;,&quot;overlay_animation&quot;:&quot;fade&quot;,&quot;font_family&quot;:&quot;default&quot;,&quot;text_size&quot;:&quot;15px&quot;,&quot;text_size_unit&quot;:&quot;px&quot;,&quot;text_color&quot;:&quot;#fff&quot;,&quot;text_padding&quot;:&quot;22px 22px 22px 22px&quot;,&quot;text_position&quot;:&quot;middle&quot;,&quot;text_align&quot;:&quot;left&quot;,&quot;text_animation&quot;:&quot;&quot;,&quot;overlay_animation_onscreen&quot;:&quot;&quot;,&quot;font&quot;:{&quot;family&quot;:&quot;default&quot;}}\"\n\t\t><h3 class=\"widget-title\">Grossesse: Points interdits<\/h3>\n<div class=\"sow-image-container\">\n\t\t\t<a href=\"https:\/\/www.acupedia.ca\/acupedia\/points-interdits-avant-37-sa\/\"\n\t\t\t\t\t>\n\t\t\t<img loading=\"lazy\" decoding=\"async\" src=\"https:\/\/www.acupedia.ca\/acupedia\/wp-content\/uploads\/2022\/05\/480487B4-3236-4DCB-933D-54BCA8A45335.jpeg\" width=\"431\" height=\"340\" srcset=\"https:\/\/www.acupedia.ca\/acupedia\/wp-content\/uploads\/2022\/05\/480487B4-3236-4DCB-933D-54BCA8A45335.jpeg 431w, https:\/\/www.acupedia.ca\/acupedia\/wp-content\/uploads\/2022\/05\/480487B4-3236-4DCB-933D-54BCA8A45335-300x237.jpeg 300w\" sizes=\"auto, (max-width: 431px) 100vw, 431px\" title=\"Grossesse: Points interdits\" alt=\"\" \t\tclass=\"so-widget-image\"\/>\n\t<\/a><\/div>\n\n<\/div><\/div><\/div><\/div><\/div>","protected":false},"excerpt":{"rendered":"<p>Acup\u00e9dia: l\u2019encyclop\u00e9die des acupuncteurs Bienvenu au premier site qui offre un soutient aux \u00e9l\u00e8ves en formation d&#8217;acupuncture et m\u00e9decine traditionnelle chinoise ainsi qu\u2019\u00e0 tout acupuncteur ou praticien en m\u00e9decine traditionnelle chinoise qui d\u00e9bute sa carri\u00e8re professionnelle. Vous trouverez un soutient acad\u00e9mique sur les pratiques s\u00e9curitaires de l\u2019acupuncture ainsi quelques protocoles sur certaines pathologies. cette plateforme [&hellip;]<\/p>\n","protected":false},"author":1,"featured_media":0,"parent":0,"menu_order":0,"comment_status":"closed","ping_status":"closed","template":"","meta":{"pmpro_default_level":0,"footnotes":""},"class_list":["post-11","page","type-page","status-publish","hentry","pmpro-has-access"],"_links":{"self":[{"href":"https:\/\/www.acupedia.ca\/acupedia\/wp-json\/wp\/v2\/pages\/11","targetHints":{"allow":["GET"]}}],"collection":[{"href":"https:\/\/www.acupedia.ca\/acupedia\/wp-json\/wp\/v2\/pages"}],"about":[{"href":"https:\/\/www.acupedia.ca\/acupedia\/wp-json\/wp\/v2\/types\/page"}],"author":[{"embeddable":true,"href":"https:\/\/www.acupedia.ca\/acupedia\/wp-json\/wp\/v2\/users\/1"}],"replies":[{"embeddable":true,"href":"https:\/\/www.acupedia.ca\/acupedia\/wp-json\/wp\/v2\/comments?post=11"}],"version-history":[{"count":76,"href":"https:\/\/www.acupedia.ca\/acupedia\/wp-json\/wp\/v2\/pages\/11\/revisions"}],"predecessor-version":[{"id":1307,"href":"https:\/\/www.acupedia.ca\/acupedia\/wp-json\/wp\/v2\/pages\/11\/revisions\/1307"}],"wp:attachment":[{"href":"https:\/\/www.acupedia.ca\/acupedia\/wp-json\/wp\/v2\/media?parent=11"}],"curies":[{"name":"wp","href":"https:\/\/api.w.org\/{rel}","templated":true}]}}